{"id":119,"date":"2025-07-08T09:19:36","date_gmt":"2025-07-08T09:19:36","guid":{"rendered":"https:\/\/www.mobilecarspa.lu\/?page_id=119"},"modified":"2025-07-08T15:01:33","modified_gmt":"2025-07-08T15:01:33","slug":"impressum","status":"publish","type":"page","link":"https:\/\/www.mobilecarspa.lu\/de\/impressum\/","title":{"rendered":"Impressum"},"content":{"rendered":"<p><!-- \u2014\u2014\u2014 German version \u2014\u2014\u2014 --><\/p>\n<h1>Impressum<\/h1>\n<h2><strong>Kontakt<\/strong><\/h2>\n<p><strong>MOBILE CAR SPA S.\u00e0&nbsp;r.l.<\/strong><\/p>\n<p>5, Hierheck<br \/>\nL-7640 Christnach<br \/>\nLUXEMBURG<\/p>\n<ul>\n<li><strong>RCS-Nummer:&nbsp;<\/strong>B286954<\/li>\n<li><strong>E-Mail:&nbsp;<\/strong><span \n                data-original-string='iNogn3B5\/g9oUJqL73V5HA==94drHWUc+\/Bf0fNccZYy7BSRNwaz5mywfqXXxVIFsiLu7M='\n                class='apbct-email-encoder'\n                title='Dieser Kontakt wurde von Anti-Spam by CleanTalk verschl\u00fcsselt. Klicken Sie hier, um ihn zu entschl\u00fcsseln. Um die Entschl\u00fcsselung abzuschlie\u00dfen, stellen Sie sicher, dass JavaScript in Ihrem Browser aktiviert ist.'>in<span class=\"apbct-blur\">**<\/span>@<span class=\"apbct-blur\">**********<\/span>pa.lu<\/span><\/li>\n<li><strong>Website:&nbsp;<\/strong>www.mobilecarspa.lu<\/li>\n<\/ul>\n<p style=\"text-align: justify;\">Copyright \u00a9 Mobile Car Spa, alle Rechte vorbehalten.<\/p>\n<p style=\"text-align: justify;\">Diese gesamte Website unterliegt dem Urheber- und geistigen Eigentumsrecht. S\u00e4mtliche Texte, Illustrationen und sonstigen Inhalte sind durch Reproduktionsrechte gesch\u00fctzt.<\/p>\n<p style=\"text-align: left;\">&#8212;&#8212;&#8212;&#8212;&#8212;&#8212;&#8212;&#8212;&#8212;<\/p>\n<h2><strong>Herausgeber:<\/strong><\/h2>\n<p><strong>AMYMA WEB S.\u00e0&nbsp;r.l.<\/strong> :<\/p>\n<p>14, Rue Strachen<br \/>\nL-6933 Mensdorf<br \/>\nLUXEMBURG<\/p>\n<ul>\n<li><strong>RCS-Nummer:&nbsp;<\/strong>B179711<\/li>\n<li><strong>Tel.:&nbsp;<\/strong>+352&nbsp;29&nbsp;71&nbsp;24<\/li>\n<li><strong>E-Mail:&nbsp;<\/strong><span \n                data-original-string='\/X6s7s9obOgs1GOTz63SIA==94du9STfV6rjtC+CPFRZ+wnkw=='\n                class='apbct-email-encoder'\n                title='Dieser Kontakt wurde von Anti-Spam by CleanTalk verschl\u00fcsselt. Klicken Sie hier, um ihn zu entschl\u00fcsseln. Um die Entschl\u00fcsselung abzuschlie\u00dfen, stellen Sie sicher, dass JavaScript in Ihrem Browser aktiviert ist.'>in<span class=\"apbct-blur\">**<\/span>@<span class=\"apbct-blur\">***<\/span>ma.lu<\/span><\/li>\n<\/ul>\n<h2><strong>Site-Hosting<\/strong>:<\/h2>\n<p><strong>Hetzner Online GmbH<\/strong><\/p>\n<p>Industriestr.&nbsp;25<br \/>\n91710 Gunzenhausen<br \/>\nDeutschland<\/p>\n<p style=\"text-align: justify;\">&#8212;&#8212;&#8212;&#8212;&#8212;&#8212;&#8212;&#8212;&#8212;<\/p>\n<h2><strong>Haftungsausschluss<\/strong><\/h2>\n<p style=\"text-align: justify;\">Alle Informationen auf dieser Website wurden sorgf\u00e4ltig recherchiert. Dennoch kann der Herausgeber f\u00fcr etwaige Fehler keine Haftung \u00fcbernehmen. Alle Angaben sind freibleibend.<\/p>\n","protected":false},"excerpt":{"rendered":"<p>Impressum Kontakt MOBILE CAR SPA S.\u00e0&nbsp;r.l. 5, Hierheck L-7640 Christnach LUXEMBURG RCS-Nummer:&nbsp;B286954 E-Mail:&nbsp;in**@**********pa.lu Website:&nbsp;www.mobilecarspa.lu Copyright \u00a9 Mobile Car Spa, alle Rechte vorbehalten. Diese gesamte Website unterliegt dem Urheber- und geistigen Eigentumsrecht. S\u00e4mtliche Texte, Illustrationen und sonstigen Inhalte sind durch Reproduktionsrechte gesch\u00fctzt. &#8212;&#8212;&#8212;&#8212;&#8212;&#8212;&#8212;&#8212;&#8212; Herausgeber: AMYMA WEB S.\u00e0&nbsp;r.l. : 14, Rue Strachen L-6933 Mensdorf LUXEMBURG RCS-Nummer:&nbsp;B179711 Tel.:&nbsp;+352&nbsp;29&nbsp;71&nbsp;24 [&hellip;]<\/p>\n","protected":false},"author":1,"featured_media":0,"parent":0,"menu_order":0,"comment_status":"closed","ping_status":"closed","template":"","meta":{"_acf_changed":false,"inline_featured_image":false,"footnotes":""},"class_list":["post-119","page","type-page","status-publish","hentry"],"acf":[],"yoast_head":"<!-- This site is optimized with the Yoast SEO plugin v27.2 - https:\/\/yoast.com\/product\/yoast-seo-wordpress\/ -->\n<title>Impressum - Mobile Car Spa<\/title>\n<meta name=\"robots\" content=\"index, follow, max-snippet:-1, max-image-preview:large, max-video-preview:-1\" \/>\n<link rel=\"canonical\" href=\"https:\/\/www.mobilecarspa.lu\/de\/impressum\/\" \/>\n<meta property=\"og:locale\" content=\"de_DE\" \/>\n<meta property=\"og:type\" content=\"article\" \/>\n<meta property=\"og:title\" content=\"Impressum - Mobile Car Spa\" \/>\n<meta property=\"og:description\" content=\"Impressum Kontakt MOBILE CAR SPA S.\u00e0&nbsp;r.l. 5, Hierheck L-7640 Christnach LUXEMBURG RCS-Nummer:&nbsp;B286954 E-Mail:&nbsp;in**@**********pa.lu Website:&nbsp;www.mobilecarspa.lu Copyright \u00a9 Mobile Car Spa, alle Rechte vorbehalten. Diese gesamte Website unterliegt dem Urheber- und geistigen Eigentumsrecht. S\u00e4mtliche Texte, Illustrationen und sonstigen Inhalte sind durch Reproduktionsrechte gesch\u00fctzt. &#8212;&#8212;&#8212;&#8212;&#8212;&#8212;&#8212;&#8212;&#8212; Herausgeber: AMYMA WEB S.\u00e0&nbsp;r.l. : 14, Rue Strachen L-6933 Mensdorf LUXEMBURG RCS-Nummer:&nbsp;B179711 Tel.:&nbsp;+352&nbsp;29&nbsp;71&nbsp;24 [&hellip;]\" \/>\n<meta property=\"og:url\" content=\"https:\/\/www.mobilecarspa.lu\/de\/impressum\/\" \/>\n<meta property=\"og:site_name\" content=\"Mobile Car Spa\" \/>\n<meta property=\"article:modified_time\" content=\"2025-07-08T15:01:33+00:00\" \/>\n<meta name=\"twitter:card\" content=\"summary_large_image\" \/>\n<meta name=\"twitter:label1\" content=\"Gesch\u00e4tzte Lesezeit\" \/>\n\t<meta name=\"twitter:data1\" content=\"1\u00a0Minute\" \/>\n<script type=\"application\/ld+json\" class=\"yoast-schema-graph\">{\"@context\":\"https:\/\/schema.org\",\"@graph\":[{\"@type\":\"WebPage\",\"@id\":\"https:\/\/www.mobilecarspa.lu\/de\/impressum\/\",\"url\":\"https:\/\/www.mobilecarspa.lu\/de\/impressum\/\",\"name\":\"Impressum - Mobile Car Spa\",\"isPartOf\":{\"@id\":\"https:\/\/www.mobilecarspa.lu\/#website\"},\"datePublished\":\"2025-07-08T09:19:36+00:00\",\"dateModified\":\"2025-07-08T15:01:33+00:00\",\"breadcrumb\":{\"@id\":\"https:\/\/www.mobilecarspa.lu\/de\/impressum\/#breadcrumb\"},\"inLanguage\":\"de\",\"potentialAction\":[{\"@type\":\"ReadAction\",\"target\":[\"https:\/\/www.mobilecarspa.lu\/de\/impressum\/\"]}]},{\"@type\":\"BreadcrumbList\",\"@id\":\"https:\/\/www.mobilecarspa.lu\/de\/impressum\/#breadcrumb\",\"itemListElement\":[{\"@type\":\"ListItem\",\"position\":1,\"name\":\"Accueil\",\"item\":\"https:\/\/www.mobilecarspa.lu\/de\/\"},{\"@type\":\"ListItem\",\"position\":2,\"name\":\"Impressum\"}]},{\"@type\":\"WebSite\",\"@id\":\"https:\/\/www.mobilecarspa.lu\/#website\",\"url\":\"https:\/\/www.mobilecarspa.lu\/\",\"name\":\"Mobile Car Spa\",\"description\":\"Wellness for your car, wherever it is.\",\"publisher\":{\"@id\":\"https:\/\/www.mobilecarspa.lu\/#organization\"},\"potentialAction\":[{\"@type\":\"SearchAction\",\"target\":{\"@type\":\"EntryPoint\",\"urlTemplate\":\"https:\/\/www.mobilecarspa.lu\/?s={search_term_string}\"},\"query-input\":{\"@type\":\"PropertyValueSpecification\",\"valueRequired\":true,\"valueName\":\"search_term_string\"}}],\"inLanguage\":\"de\"},{\"@type\":\"Organization\",\"@id\":\"https:\/\/www.mobilecarspa.lu\/#organization\",\"name\":\"Mobile Car Spa\",\"url\":\"https:\/\/www.mobilecarspa.lu\/\",\"logo\":{\"@type\":\"ImageObject\",\"inLanguage\":\"de\",\"@id\":\"https:\/\/www.mobilecarspa.lu\/#\/schema\/logo\/image\/\",\"url\":\"https:\/\/www.mobilecarspa.lu\/wp-content\/uploads\/2025\/07\/favicon-1.png\",\"contentUrl\":\"https:\/\/www.mobilecarspa.lu\/wp-content\/uploads\/2025\/07\/favicon-1.png\",\"width\":1024,\"height\":1024,\"caption\":\"Mobile Car Spa\"},\"image\":{\"@id\":\"https:\/\/www.mobilecarspa.lu\/#\/schema\/logo\/image\/\"}}]}<\/script>\n<!-- \/ Yoast SEO plugin. -->","yoast_head_json":{"title":"Impressum - Mobile Car Spa","robots":{"index":"index","follow":"follow","max-snippet":"max-snippet:-1","max-image-preview":"max-image-preview:large","max-video-preview":"max-video-preview:-1"},"canonical":"https:\/\/www.mobilecarspa.lu\/de\/impressum\/","og_locale":"de_DE","og_type":"article","og_title":"Impressum - Mobile Car Spa","og_description":"Impressum Kontakt MOBILE CAR SPA S.\u00e0&nbsp;r.l. 5, Hierheck L-7640 Christnach LUXEMBURG RCS-Nummer:&nbsp;B286954 E-Mail:&nbsp;in**@**********pa.lu Website:&nbsp;www.mobilecarspa.lu Copyright \u00a9 Mobile Car Spa, alle Rechte vorbehalten. Diese gesamte Website unterliegt dem Urheber- und geistigen Eigentumsrecht. S\u00e4mtliche Texte, Illustrationen und sonstigen Inhalte sind durch Reproduktionsrechte gesch\u00fctzt. &#8212;&#8212;&#8212;&#8212;&#8212;&#8212;&#8212;&#8212;&#8212; Herausgeber: AMYMA WEB S.\u00e0&nbsp;r.l. : 14, Rue Strachen L-6933 Mensdorf LUXEMBURG RCS-Nummer:&nbsp;B179711 Tel.:&nbsp;+352&nbsp;29&nbsp;71&nbsp;24 [&hellip;]","og_url":"https:\/\/www.mobilecarspa.lu\/de\/impressum\/","og_site_name":"Mobile Car Spa","article_modified_time":"2025-07-08T15:01:33+00:00","twitter_card":"summary_large_image","twitter_misc":{"Gesch\u00e4tzte Lesezeit":"1\u00a0Minute"},"schema":{"@context":"https:\/\/schema.org","@graph":[{"@type":"WebPage","@id":"https:\/\/www.mobilecarspa.lu\/de\/impressum\/","url":"https:\/\/www.mobilecarspa.lu\/de\/impressum\/","name":"Impressum - Mobile Car Spa","isPartOf":{"@id":"https:\/\/www.mobilecarspa.lu\/#website"},"datePublished":"2025-07-08T09:19:36+00:00","dateModified":"2025-07-08T15:01:33+00:00","breadcrumb":{"@id":"https:\/\/www.mobilecarspa.lu\/de\/impressum\/#breadcrumb"},"inLanguage":"de","potentialAction":[{"@type":"ReadAction","target":["https:\/\/www.mobilecarspa.lu\/de\/impressum\/"]}]},{"@type":"BreadcrumbList","@id":"https:\/\/www.mobilecarspa.lu\/de\/impressum\/#breadcrumb","itemListElement":[{"@type":"ListItem","position":1,"name":"Accueil","item":"https:\/\/www.mobilecarspa.lu\/de\/"},{"@type":"ListItem","position":2,"name":"Impressum"}]},{"@type":"WebSite","@id":"https:\/\/www.mobilecarspa.lu\/#website","url":"https:\/\/www.mobilecarspa.lu\/","name":"Mobile Car Spa","description":"Wellness for your car, wherever it is.","publisher":{"@id":"https:\/\/www.mobilecarspa.lu\/#organization"},"potentialAction":[{"@type":"SearchAction","target":{"@type":"EntryPoint","urlTemplate":"https:\/\/www.mobilecarspa.lu\/?s={search_term_string}"},"query-input":{"@type":"PropertyValueSpecification","valueRequired":true,"valueName":"search_term_string"}}],"inLanguage":"de"},{"@type":"Organization","@id":"https:\/\/www.mobilecarspa.lu\/#organization","name":"Mobile Car Spa","url":"https:\/\/www.mobilecarspa.lu\/","logo":{"@type":"ImageObject","inLanguage":"de","@id":"https:\/\/www.mobilecarspa.lu\/#\/schema\/logo\/image\/","url":"https:\/\/www.mobilecarspa.lu\/wp-content\/uploads\/2025\/07\/favicon-1.png","contentUrl":"https:\/\/www.mobilecarspa.lu\/wp-content\/uploads\/2025\/07\/favicon-1.png","width":1024,"height":1024,"caption":"Mobile Car Spa"},"image":{"@id":"https:\/\/www.mobilecarspa.lu\/#\/schema\/logo\/image\/"}}]}},"_links":{"self":[{"href":"https:\/\/www.mobilecarspa.lu\/de\/wp-json\/wp\/v2\/pages\/119","targetHints":{"allow":["GET"]}}],"collection":[{"href":"https:\/\/www.mobilecarspa.lu\/de\/wp-json\/wp\/v2\/pages"}],"about":[{"href":"https:\/\/www.mobilecarspa.lu\/de\/wp-json\/wp\/v2\/types\/page"}],"author":[{"embeddable":true,"href":"https:\/\/www.mobilecarspa.lu\/de\/wp-json\/wp\/v2\/users\/1"}],"replies":[{"embeddable":true,"href":"https:\/\/www.mobilecarspa.lu\/de\/wp-json\/wp\/v2\/comments?post=119"}],"version-history":[{"count":2,"href":"https:\/\/www.mobilecarspa.lu\/de\/wp-json\/wp\/v2\/pages\/119\/revisions"}],"predecessor-version":[{"id":123,"href":"https:\/\/www.mobilecarspa.lu\/de\/wp-json\/wp\/v2\/pages\/119\/revisions\/123"}],"wp:attachment":[{"href":"https:\/\/www.mobilecarspa.lu\/de\/wp-json\/wp\/v2\/media?parent=119"}],"curies":[{"name":"wp","href":"https:\/\/api.w.org\/{rel}","templated":true}]}}