{"id":115,"date":"2025-07-08T09:19:36","date_gmt":"2025-07-08T09:19:36","guid":{"rendered":"https:\/\/www.mobilecarspa.lu\/?page_id=115"},"modified":"2025-07-09T07:00:44","modified_gmt":"2025-07-09T07:00:44","slug":"mentions-legales","status":"publish","type":"page","link":"https:\/\/www.mobilecarspa.lu\/fr\/mentions-legales\/","title":{"rendered":"Mentions l\u00e9gales"},"content":{"rendered":"<p><!-- \u2014\u2014\u2014 French version \u2014\u2014\u2014 --><\/p>\n<h1>Mentions l\u00e9gales<\/h1>\n<h2><strong>Contact<\/strong><\/h2>\n<p><strong>MOBILE CAR SPA S.\u00e0&nbsp;r.l.<\/strong><\/p>\n<p>5, Hierheck<br \/>\nL-7640 Christnach<br \/>\nLUXEMBOURG<\/p>\n<ul>\n<li><strong>Num\u00e9ro&nbsp;RCS&nbsp;:<\/strong> B286954<\/li>\n<li><strong>E-mail&nbsp;:<\/strong> <span \n                data-original-string='lZulr3gaC4GhnucY\/CTMhA==94dWPB\/UlHSg7zZnvf0Pv9UFQdB5uYkTChAqbaeq7iMsM4='\n                class='apbct-email-encoder'\n                title='This contact has been encoded by Anti-Spam by CleanTalk. Click to decode. To finish the decoding make sure that JavaScript is enabled in your browser.'>in<span class=\"apbct-blur\">**<\/span>@<span class=\"apbct-blur\">**********<\/span>pa.lu<\/span><\/li>\n<li><strong>Site&nbsp;web&nbsp;:<\/strong> www.mobilecarspa.lu<\/li>\n<\/ul>\n<p style=\"text-align: justify;\">Copyright \u00a9 Mobile Car Spa, tous droits r\u00e9serv\u00e9s.<\/p>\n<p style=\"text-align: justify;\">L\u2019ensemble de ce site est soumis aux l\u00e9gislations sur le droit d\u2019auteur et la propri\u00e9t\u00e9 intellectuelle. Tous les textes, illustrations et autres contenus sont prot\u00e9g\u00e9s par des droits de reproduction.<\/p>\n<p style=\"text-align: left;\">&#8212;&#8212;&#8212;&#8212;&#8212;&#8212;&#8212;&#8212;&#8212;<\/p>\n<h2><strong>\u00c9diteur&nbsp;:<\/strong><\/h2>\n<p><strong>AMYMA WEB S.\u00e0&nbsp;r.l.<\/strong> :<\/p>\n<p>14, Rue Strachen<br \/>\nL-6933 Mensdorf<br \/>\nLUXEMBOURG<\/p>\n<ul>\n<li><strong>Num\u00e9ro&nbsp;RCS&nbsp;:<\/strong> B179711<\/li>\n<li><strong>T\u00e9l.&nbsp;:<\/strong> +352&nbsp;29&nbsp;71&nbsp;24<\/li>\n<li><strong>E-mail&nbsp;:<\/strong> <span \n                data-original-string='oDVyiloH5GaEHBYTUsUNOw==94dQ7pWzw5K+JHW4sCqAN2o+Q=='\n                class='apbct-email-encoder'\n                title='This contact has been encoded by Anti-Spam by CleanTalk. Click to decode. To finish the decoding make sure that JavaScript is enabled in your browser.'>in<span class=\"apbct-blur\">**<\/span>@<span class=\"apbct-blur\">***<\/span>ma.lu<\/span><\/li>\n<\/ul>\n<h2><strong>H\u00e9bergement&nbsp;du&nbsp;site<\/strong> :<\/h2>\n<p><strong>Hetzner Online GmbH<\/strong><\/p>\n<p>Industriestr. 25<br \/>\n91710 Gunzenhausen<br \/>\nAllemagne<\/p>\n<p style=\"text-align: justify;\">&#8212;&#8212;&#8212;&#8212;&#8212;&#8212;&#8212;&#8212;&#8212;<\/p>\n<h2><strong>Avertissement<\/strong><\/h2>\n<p style=\"text-align: justify;\">Toutes les informations pr\u00e9sentes sur ce site ont \u00e9t\u00e9 soigneusement recherch\u00e9es. N\u00e9anmoins, l\u2019\u00e9diteur ne peut \u00eatre tenu responsable des erreurs \u00e9ventuelles. Toutes les informations sont susceptibles d\u2019\u00eatre modifi\u00e9es.<\/p>\n","protected":false},"excerpt":{"rendered":"<p>Mentions l\u00e9gales Contact MOBILE CAR SPA S.\u00e0&nbsp;r.l. 5, Hierheck L-7640 Christnach LUXEMBOURG Num\u00e9ro&nbsp;RCS&nbsp;: B286954 E-mail&nbsp;: in**@**********pa.lu Site&nbsp;web&nbsp;: www.mobilecarspa.lu Copyright \u00a9 Mobile Car Spa, tous droits r\u00e9serv\u00e9s. L\u2019ensemble de ce site est soumis aux l\u00e9gislations sur le droit d\u2019auteur et la propri\u00e9t\u00e9 intellectuelle. Tous les textes, illustrations et autres contenus sont prot\u00e9g\u00e9s par des droits de [&hellip;]<\/p>\n","protected":false},"author":1,"featured_media":0,"parent":0,"menu_order":0,"comment_status":"closed","ping_status":"closed","template":"","meta":{"_acf_changed":false,"inline_featured_image":false,"footnotes":""},"class_list":["post-115","page","type-page","status-publish","hentry"],"acf":[],"yoast_head":"<!-- This site is optimized with the Yoast SEO plugin v27.2 - https:\/\/yoast.com\/product\/yoast-seo-wordpress\/ -->\n<title>Mentions l\u00e9gales - Mobile Car Spa<\/title>\n<meta name=\"robots\" content=\"index, follow, max-snippet:-1, max-image-preview:large, max-video-preview:-1\" \/>\n<link rel=\"canonical\" href=\"https:\/\/www.mobilecarspa.lu\/mentions-legales\/\" \/>\n<meta property=\"og:locale\" content=\"fr_FR\" \/>\n<meta property=\"og:type\" content=\"article\" \/>\n<meta property=\"og:title\" content=\"Mentions l\u00e9gales - Mobile Car Spa\" \/>\n<meta property=\"og:description\" content=\"Mentions l\u00e9gales Contact MOBILE CAR SPA S.\u00e0&nbsp;r.l. 5, Hierheck L-7640 Christnach LUXEMBOURG Num\u00e9ro&nbsp;RCS&nbsp;: B286954 E-mail&nbsp;: in**@**********pa.lu Site&nbsp;web&nbsp;: www.mobilecarspa.lu Copyright \u00a9 Mobile Car Spa, tous droits r\u00e9serv\u00e9s. L\u2019ensemble de ce site est soumis aux l\u00e9gislations sur le droit d\u2019auteur et la propri\u00e9t\u00e9 intellectuelle. Tous les textes, illustrations et autres contenus sont prot\u00e9g\u00e9s par des droits de [&hellip;]\" \/>\n<meta property=\"og:url\" content=\"https:\/\/www.mobilecarspa.lu\/mentions-legales\/\" \/>\n<meta property=\"og:site_name\" content=\"Mobile Car Spa\" \/>\n<meta property=\"article:modified_time\" content=\"2025-07-09T07:00:44+00:00\" \/>\n<meta name=\"twitter:card\" content=\"summary_large_image\" \/>\n<meta name=\"twitter:label1\" content=\"Dur\u00e9e de lecture estim\u00e9e\" \/>\n\t<meta name=\"twitter:data1\" content=\"1 minute\" \/>\n<script type=\"application\/ld+json\" class=\"yoast-schema-graph\">{\"@context\":\"https:\/\/schema.org\",\"@graph\":[{\"@type\":\"WebPage\",\"@id\":\"https:\/\/www.mobilecarspa.lu\/mentions-legales\/\",\"url\":\"https:\/\/www.mobilecarspa.lu\/mentions-legales\/\",\"name\":\"Mentions l\u00e9gales - Mobile Car Spa\",\"isPartOf\":{\"@id\":\"https:\/\/www.mobilecarspa.lu\/#website\"},\"datePublished\":\"2025-07-08T09:19:36+00:00\",\"dateModified\":\"2025-07-09T07:00:44+00:00\",\"breadcrumb\":{\"@id\":\"https:\/\/www.mobilecarspa.lu\/mentions-legales\/#breadcrumb\"},\"inLanguage\":\"fr-FR\",\"potentialAction\":[{\"@type\":\"ReadAction\",\"target\":[\"https:\/\/www.mobilecarspa.lu\/mentions-legales\/\"]}]},{\"@type\":\"BreadcrumbList\",\"@id\":\"https:\/\/www.mobilecarspa.lu\/mentions-legales\/#breadcrumb\",\"itemListElement\":[{\"@type\":\"ListItem\",\"position\":1,\"name\":\"Accueil\",\"item\":\"https:\/\/www.mobilecarspa.lu\/fr\/\"},{\"@type\":\"ListItem\",\"position\":2,\"name\":\"Mentions l\u00e9gales\"}]},{\"@type\":\"WebSite\",\"@id\":\"https:\/\/www.mobilecarspa.lu\/#website\",\"url\":\"https:\/\/www.mobilecarspa.lu\/\",\"name\":\"Mobile Car Spa\",\"description\":\"Wellness for your car, wherever it is.\",\"publisher\":{\"@id\":\"https:\/\/www.mobilecarspa.lu\/#organization\"},\"potentialAction\":[{\"@type\":\"SearchAction\",\"target\":{\"@type\":\"EntryPoint\",\"urlTemplate\":\"https:\/\/www.mobilecarspa.lu\/?s={search_term_string}\"},\"query-input\":{\"@type\":\"PropertyValueSpecification\",\"valueRequired\":true,\"valueName\":\"search_term_string\"}}],\"inLanguage\":\"fr-FR\"},{\"@type\":\"Organization\",\"@id\":\"https:\/\/www.mobilecarspa.lu\/#organization\",\"name\":\"Mobile Car Spa\",\"url\":\"https:\/\/www.mobilecarspa.lu\/\",\"logo\":{\"@type\":\"ImageObject\",\"inLanguage\":\"fr-FR\",\"@id\":\"https:\/\/www.mobilecarspa.lu\/#\/schema\/logo\/image\/\",\"url\":\"https:\/\/www.mobilecarspa.lu\/wp-content\/uploads\/2025\/07\/favicon-1.png\",\"contentUrl\":\"https:\/\/www.mobilecarspa.lu\/wp-content\/uploads\/2025\/07\/favicon-1.png\",\"width\":1024,\"height\":1024,\"caption\":\"Mobile Car Spa\"},\"image\":{\"@id\":\"https:\/\/www.mobilecarspa.lu\/#\/schema\/logo\/image\/\"}}]}<\/script>\n<!-- \/ Yoast SEO plugin. -->","yoast_head_json":{"title":"Mentions l\u00e9gales - Mobile Car Spa","robots":{"index":"index","follow":"follow","max-snippet":"max-snippet:-1","max-image-preview":"max-image-preview:large","max-video-preview":"max-video-preview:-1"},"canonical":"https:\/\/www.mobilecarspa.lu\/mentions-legales\/","og_locale":"fr_FR","og_type":"article","og_title":"Mentions l\u00e9gales - Mobile Car Spa","og_description":"Mentions l\u00e9gales Contact MOBILE CAR SPA S.\u00e0&nbsp;r.l. 5, Hierheck L-7640 Christnach LUXEMBOURG Num\u00e9ro&nbsp;RCS&nbsp;: B286954 E-mail&nbsp;: in**@**********pa.lu Site&nbsp;web&nbsp;: www.mobilecarspa.lu Copyright \u00a9 Mobile Car Spa, tous droits r\u00e9serv\u00e9s. L\u2019ensemble de ce site est soumis aux l\u00e9gislations sur le droit d\u2019auteur et la propri\u00e9t\u00e9 intellectuelle. Tous les textes, illustrations et autres contenus sont prot\u00e9g\u00e9s par des droits de [&hellip;]","og_url":"https:\/\/www.mobilecarspa.lu\/mentions-legales\/","og_site_name":"Mobile Car Spa","article_modified_time":"2025-07-09T07:00:44+00:00","twitter_card":"summary_large_image","twitter_misc":{"Dur\u00e9e de lecture estim\u00e9e":"1 minute"},"schema":{"@context":"https:\/\/schema.org","@graph":[{"@type":"WebPage","@id":"https:\/\/www.mobilecarspa.lu\/mentions-legales\/","url":"https:\/\/www.mobilecarspa.lu\/mentions-legales\/","name":"Mentions l\u00e9gales - Mobile Car Spa","isPartOf":{"@id":"https:\/\/www.mobilecarspa.lu\/#website"},"datePublished":"2025-07-08T09:19:36+00:00","dateModified":"2025-07-09T07:00:44+00:00","breadcrumb":{"@id":"https:\/\/www.mobilecarspa.lu\/mentions-legales\/#breadcrumb"},"inLanguage":"fr-FR","potentialAction":[{"@type":"ReadAction","target":["https:\/\/www.mobilecarspa.lu\/mentions-legales\/"]}]},{"@type":"BreadcrumbList","@id":"https:\/\/www.mobilecarspa.lu\/mentions-legales\/#breadcrumb","itemListElement":[{"@type":"ListItem","position":1,"name":"Accueil","item":"https:\/\/www.mobilecarspa.lu\/fr\/"},{"@type":"ListItem","position":2,"name":"Mentions l\u00e9gales"}]},{"@type":"WebSite","@id":"https:\/\/www.mobilecarspa.lu\/#website","url":"https:\/\/www.mobilecarspa.lu\/","name":"Mobile Car Spa","description":"Wellness for your car, wherever it is.","publisher":{"@id":"https:\/\/www.mobilecarspa.lu\/#organization"},"potentialAction":[{"@type":"SearchAction","target":{"@type":"EntryPoint","urlTemplate":"https:\/\/www.mobilecarspa.lu\/?s={search_term_string}"},"query-input":{"@type":"PropertyValueSpecification","valueRequired":true,"valueName":"search_term_string"}}],"inLanguage":"fr-FR"},{"@type":"Organization","@id":"https:\/\/www.mobilecarspa.lu\/#organization","name":"Mobile Car Spa","url":"https:\/\/www.mobilecarspa.lu\/","logo":{"@type":"ImageObject","inLanguage":"fr-FR","@id":"https:\/\/www.mobilecarspa.lu\/#\/schema\/logo\/image\/","url":"https:\/\/www.mobilecarspa.lu\/wp-content\/uploads\/2025\/07\/favicon-1.png","contentUrl":"https:\/\/www.mobilecarspa.lu\/wp-content\/uploads\/2025\/07\/favicon-1.png","width":1024,"height":1024,"caption":"Mobile Car Spa"},"image":{"@id":"https:\/\/www.mobilecarspa.lu\/#\/schema\/logo\/image\/"}}]}},"_links":{"self":[{"href":"https:\/\/www.mobilecarspa.lu\/fr\/wp-json\/wp\/v2\/pages\/115","targetHints":{"allow":["GET"]}}],"collection":[{"href":"https:\/\/www.mobilecarspa.lu\/fr\/wp-json\/wp\/v2\/pages"}],"about":[{"href":"https:\/\/www.mobilecarspa.lu\/fr\/wp-json\/wp\/v2\/types\/page"}],"author":[{"embeddable":true,"href":"https:\/\/www.mobilecarspa.lu\/fr\/wp-json\/wp\/v2\/users\/1"}],"replies":[{"embeddable":true,"href":"https:\/\/www.mobilecarspa.lu\/fr\/wp-json\/wp\/v2\/comments?post=115"}],"version-history":[{"count":4,"href":"https:\/\/www.mobilecarspa.lu\/fr\/wp-json\/wp\/v2\/pages\/115\/revisions"}],"predecessor-version":[{"id":148,"href":"https:\/\/www.mobilecarspa.lu\/fr\/wp-json\/wp\/v2\/pages\/115\/revisions\/148"}],"wp:attachment":[{"href":"https:\/\/www.mobilecarspa.lu\/fr\/wp-json\/wp\/v2\/media?parent=115"}],"curies":[{"name":"wp","href":"https:\/\/api.w.org\/{rel}","templated":true}]}}